{"id":429,"date":"2026-04-20T09:25:15","date_gmt":"2026-04-20T09:25:15","guid":{"rendered":"https:\/\/transfersjames.com\/rechtlicher-hinweis\/"},"modified":"2026-04-28T12:43:41","modified_gmt":"2026-04-28T12:43:41","slug":"rechtlicher-hinweis","status":"publish","type":"page","link":"https:\/\/transfersjames.com\/de\/rechtlicher-hinweis\/","title":{"rendered":"Rechtlicher Hinweis"},"content":{"rendered":"<p>[et_pb_section fb_built=&#8220;1&#8243; _builder_version=&#8220;4.27.6&#8243; _module_preset=&#8220;default&#8220; background_color=&#8220;#6E6E73&#8243; background_enable_image=&#8220;off&#8220; background_blend=&#8220;multiply&#8220; custom_margin=&#8220;|30px||30px|false|true&#8220; custom_margin_tablet=&#8220;60px|30px||30px|false|true&#8220; custom_margin_phone=&#8220;60px|20px||20px|false|true&#8220; custom_margin_last_edited=&#8220;on|phone&#8220; custom_padding=&#8220;4.5%||4.5%||true|false&#8220; border_radii=&#8220;on|20px|20px|20px|20px&#8220; locked=&#8220;off&#8220; global_colors_info=&#8220;{}&#8220;][et_pb_row custom_padding_last_edited=&#8220;on|phone&#8220; _builder_version=&#8220;4.27.6&#8243; _module_preset=&#8220;default&#8220; width=&#8220;90%&#8220; max_width=&#8220;90%&#8220; custom_margin_tablet=&#8220;&#8220; custom_margin_phone=&#8220;60px||0px||false|false&#8220; custom_margin_last_edited=&#8220;on|phone&#8220; custom_padding_tablet=&#8220;&#8220; custom_padding_phone=&#8220;||0px||false|false&#8220; global_colors_info=&#8220;{}&#8220;][et_pb_column type=&#8220;4_4&#8243; _builder_version=&#8220;4.27.6&#8243; _module_preset=&#8220;default&#8220; custom_padding_tablet=&#8220;&#8220; custom_padding_phone=&#8220;60px||||false|false&#8220; custom_padding_last_edited=&#8220;on|phone&#8220; global_colors_info=&#8220;{}&#8220;][et_pb_text _builder_version=&#8220;4.27.6&#8243; _module_preset=&#8220;default&#8220; header_font=&#8220;Plus Jakarta Sans||||||||&#8220; header_text_color=&#8220;#FFFFFF&#8220; header_font_size=&#8220;48px&#8220; header_letter_spacing=&#8220;-1px&#8220; width=&#8220;720px&#8220; custom_margin=&#8220;||5px||false|false&#8220; custom_padding_tablet=&#8220;&#8220; custom_padding_phone=&#8220;||0px||false|false&#8220; custom_padding_last_edited=&#8220;on|phone&#8220; header_font_size_tablet=&#8220;48px&#8220; header_font_size_phone=&#8220;32px&#8220; header_font_size_last_edited=&#8220;on|phone&#8220; global_colors_info=&#8220;{}&#8220;]<\/p>\n<h1>Rechtlicher Hinweis<\/h1>\n<p>[\/et_pb_text][et_pb_text _builder_version=&#8220;4.27.6&#8243; _module_preset=&#8220;default&#8220; text_font=&#8220;Plus Jakarta Sans||||||||&#8220; text_text_color=&#8220;#FFFFFF&#8220; text_font_size=&#8220;17px&#8220; text_letter_spacing=&#8220;-0.5px&#8220; text_line_height=&#8220;1.4em&#8220; header_2_font=&#8220;Italiana|700|||||||&#8220; header_2_text_color=&#8220;#FFFFFF&#8220; header_2_font_size=&#8220;32px&#8220; header_2_letter_spacing=&#8220;0.5px&#8220; header_2_line_height=&#8220;1.2em&#8220; max_width=&#8220;520px&#8220; module_alignment=&#8220;left&#8220; custom_margin=&#8220;||0px||false|false&#8220; header_font_size_tablet=&#8220;&#8220; header_font_size_phone=&#8220;28px&#8220; header_font_size_last_edited=&#8220;on|phone&#8220; header_2_font_size_tablet=&#8220;30px&#8220; header_2_font_size_phone=&#8220;28px&#8220; header_2_font_size_last_edited=&#8220;on|desktop&#8220; global_colors_info=&#8220;{}&#8220;]<\/p>\n<p data-start=\"88\" data-end=\"260\">Lesen Sie den Rechtstext sorgf\u00e4ltig durch.<\/p>\n<p>[\/et_pb_text][et_pb_button button_url=&#8220;#Rechtlich&#8220; button_text=&#8220;Lesen Sie die rechtlichen Hinweise.&#8220; _builder_version=&#8220;4.27.6&#8243; _module_preset=&#8220;default&#8220; custom_button=&#8220;on&#8220; button_text_size=&#8220;14px&#8220; button_text_color=&#8220;#FFFFFF&#8220; button_bg_color=&#8220;#1C1D1D&#8220; button_border_width=&#8220;0px&#8220; button_border_color=&#8220;#FFFFFF&#8220; button_border_radius=&#8220;30px&#8220; button_font=&#8220;Manrope|600|||||||&#8220; button_use_icon=&#8220;off&#8220; custom_margin=&#8220;20px||30px||false|false&#8220; custom_padding=&#8220;13px|35px|13px|35px|false|false&#8220; hover_enabled=&#8220;0&#8243; global_colors_info=&#8220;{}&#8220; button_text_color__hover=&#8220;#1C1D1D&#8220; button_text_color__hover_enabled=&#8220;on|hover&#8220; button_bg_color__hover=&#8220;#E5E4E2&#8243; button_bg_color__hover_enabled=&#8220;on|hover&#8220; button_border_color__hover=&#8220;#0e5075&#8243; button_border_color__hover_enabled=&#8220;on|hover&#8220; button_letter_spacing__hover=&#8220;0px&#8220; button_letter_spacing__hover_enabled=&#8220;on|hover&#8220; sticky_enabled=&#8220;0&#8243;][\/et_pb_button][\/et_pb_column][\/et_pb_row][\/et_pb_section][et_pb_section fb_built=&#8220;1&#8243; module_id=&#8220;Rechtlich&#8220; _builder_version=&#8220;4.27.6&#8243; _module_preset=&#8220;default&#8220; background_color=&#8220;#f5f5f7&#8243; custom_padding=&#8220;80px||30px||false|false&#8220; animation_style=&#8220;fade&#8220; hover_enabled=&#8220;0&#8243; locked=&#8220;off&#8220; global_colors_info=&#8220;{}&#8220; sticky_enabled=&#8220;0&#8243;][et_pb_row _builder_version=&#8220;4.27.6&#8243; _module_preset=&#8220;default&#8220; width=&#8220;87%&#8220; max_width=&#8220;87%&#8220; custom_margin=&#8220;||||false|false&#8220; custom_padding=&#8220;||||false|false&#8220; animation_style=&#8220;slide&#8220; animation_direction=&#8220;bottom&#8220; animation_intensity_slide=&#8220;10%&#8220; animation_speed_curve=&#8220;ease&#8220; global_colors_info=&#8220;{}&#8220; custom_css_main_element_last_edited=&#8220;on|phone&#8220; custom_css_main_element_tablet=&#8220;display: inherit;||align-items: inherit;&#8220; custom_css_main_element_phone=&#8220;display: inherit;||align-items: inherit;&#8220;][et_pb_column type=&#8220;4_4&#8243; _builder_version=&#8220;4.20.4&#8243; _module_preset=&#8220;default&#8220; custom_padding=&#8220;0px||0px||false|false&#8220; global_colors_info=&#8220;{}&#8220;][et_pb_text _builder_version=&#8220;4.27.6&#8243; _module_preset=&#8220;default&#8220; text_font=&#8220;Manrope||||||||&#8220; text_text_color=&#8220;#6E6E73&#8243; text_font_size=&#8220;16px&#8220; text_letter_spacing=&#8220;-0.5px&#8220; text_line_height=&#8220;1.3em&#8220; header_2_font=&#8220;Manrope|700|||||||&#8220; header_2_text_color=&#8220;#1C1D1D&#8220; header_2_font_size=&#8220;32px&#8220; header_2_line_height=&#8220;1.2em&#8220; module_alignment=&#8220;left&#8220; custom_margin=&#8220;||0px||false|false&#8220; header_font_size_tablet=&#8220;&#8220; header_font_size_phone=&#8220;28px&#8220; header_font_size_last_edited=&#8220;on|phone&#8220; header_2_font_size_tablet=&#8220;30px&#8220; header_2_font_size_phone=&#8220;28px&#8220; header_2_font_size_last_edited=&#8220;on|desktop&#8220; global_colors_info=&#8220;{}&#8220;]<\/p>\n<h2><strong>1. Titularidad<\/strong><\/h2>\n<p><\/p>\n<p><strong><a href=\"https:\/\/transfersjames.com\/\">https:\/\/transfersjames.com\/<\/a> <\/strong>Diese Website geh\u00f6rt der Jaume Juan Serra S.L., Steuernummer (NIF): B57802456, mit Sitz in Avenida Diagonal, 21B, 07458 Can Picafort, Palma de Mallorca. Sie ist im Handelsregister von Palma de Mallorca eingetragen (im Folgenden: der Eigent\u00fcmer).<\/p>\n<p><\/p>\n<p>Transfers James ist ein Transportunternehmen auf Mallorca, das sich auf private Transfers und die Vermietung von Minibussen mit Fahrer auf der Insel spezialisiert hat.<\/p>\n<p><\/p>\n<h2><strong>2. Nutzungsbedingungen<\/strong><\/h2>\n<p><\/p>\n<p>Durch den Zugriff auf die Website erkl\u00e4rt der Nutzer, dass er diese rechtlichen Hinweise und ihre Nutzungsbedingungen akzeptiert. Diese rechtlichen Hinweise sind in jedem Fall verbindlich; wer ihnen nicht zustimmt, darf die Website und\/oder die vom Betreiber dar\u00fcber angebotenen Dienste nicht nutzen. Durch diese Bedingungen wird kein Partnerschafts-, Agentur-, Franchise- oder Arbeitsverh\u00e4ltnis zwischen dem Betreiber und den Nutzern begr\u00fcndet.<\/p>\n<p><\/p>\n<p>Diese rechtlichen Hinweise regeln die Nutzung dieser Website, die der Betreiber den Nutzern zur Verf\u00fcgung stellt, um sie \u00fcber seine eigenen Dienste und\/oder die von Drittpartnern zu informieren und ihnen den Zugriff auf diese Dienste sowie deren Inanspruchnahme zu erleichtern.<\/p>\n<p><\/p>\n<h2><strong>3. Anwendbare Regeln<\/strong><\/h2>\n<p><\/p>\n<p>Dieser Rechtshinweis unterliegt den Bestimmungen des spanischen Organgesetzes 3\/2018 vom 5. Dezember 2018 zum Schutz personenbezogener Daten und zur Gew\u00e4hrleistung digitaler Rechte (LOPDGDD), der Verordnung (EU) 2016\/679 des Europ\u00e4ischen Parlaments und des Rates vom 27. April 2016 zum Schutz nat\u00fcrlicher Personen bei der Verarbeitung personenbezogener Daten, zum freien Datenverkehr und zur Aufhebung der Richtlinie 95\/46\/EG (DSGVO), den Leitlinien 5\/2020 zur Einwilligung im Sinne der Verordnung (EU) 2016\/679, dem Gesetz 11\/2022 vom 28. Juni, dem Allgemeinen Telekommunikationsgesetz, dem Gesetz 34\/2002 vom 11. Juli \u00fcber Dienste der Informationsgesellschaft und des elektronischen Gesch\u00e4ftsverkehrs sowie dem K\u00f6niglichen Gesetzesdekret 13\/2012 vom 30. M\u00e4rz, mit dem Richtlinien f\u00fcr den Binnenmarkt f\u00fcr Elektrizit\u00e4t und Gas sowie f\u00fcr elektronische Kommunikation umgesetzt und Ma\u00dfnahmen zur Beseitigung von Ungleichgewichten zwischen diesen M\u00e4rkten erlassen wurden. Kosten und Einnahmen im Strom- und Gassektor, die Leitlinien 03\/2022 des Europ\u00e4ischen Datenschutzausschusses (EDPB) zu irref\u00fchrenden Gesch\u00e4ftspraktiken sowie alle nachfolgenden Verordnungen, die diese \u00e4ndern oder erweitern.<\/p>\n<p><\/p>\n<p>Der Zugriff auf die Website des Betreibers und die Nutzung der darin enthaltenen Informationen und Inhalte erfolgen auf eigene Verantwortung des Nutzers. Der Zugriff auf die Website unterliegt den geltenden Gesetzen sowie den Grunds\u00e4tzen von Treu und Glauben und rechtm\u00e4\u00dfiger Nutzung. Jegliche Handlungen, die dem Betreiber schaden, sind grunds\u00e4tzlich untersagt. Die Nutzung der Website f\u00fcr illegale oder unbefugte Zwecke ist strengstens verboten.<\/p>\n<p><\/p>\n<h2><strong>4. \u00c4nderung der Nutzungsbedingungen<\/strong><\/h2>\n<p><\/p>\n<p>Der Betreiber beh\u00e4lt sich das Recht vor, die Darstellung und Konfiguration der Website sowie diesen Rechtshinweis jederzeit zu \u00e4ndern. Daher empfiehlt der Betreiber den Nutzern, diese bei jedem Besuch der Website sorgf\u00e4ltig zu lesen. Der Rechtshinweis ist stets gut sichtbar und f\u00fcr R\u00fcckfragen frei zug\u00e4nglich.<\/p>\n<p><\/p>\n<h2><strong>5. Leistungsbeschreibung<\/strong><\/h2>\n<p><\/p>\n<p><span style=\"font-weight: 400;\"><strong><a href=\"https:\/\/transfersjames.com\/\">https:\/\/transfersjames.com\/<\/a><\/strong> Dies ist die Website des Eigent\u00fcmers und dient als Informationsquelle f\u00fcr die angebotenen Dienstleistungen.<\/span><\/p>\n<p><\/p>\n<h2><strong>6. K\u00fcndigung<\/strong><\/h2>\n<p><\/p>\n<p>Der Eigent\u00fcmer beh\u00e4lt sich das Recht vor, die Website oder einzelne Dienste darauf jederzeit und ohne vorherige Ank\u00fcndigung aus technischen oder anderen Gr\u00fcnden zu unterbrechen oder einzustellen und kann au\u00dferdem einseitig sowohl die Zugangsbedingungen als auch den gesamten oder einen Teil des Inhalts \u00e4ndern, wobei die zu diesem Zeitpunkt erworbenen Rechte unber\u00fchrt bleiben.<\/p>\n<p><\/p>\n<h2><strong>7. Verantwortlichkeiten<\/strong><\/h2>\n<p><\/p>\n<p>Die auf dieser Website enthaltenen Links k\u00f6nnen zu Websites Dritter f\u00fchren. Der Betreiber \u00fcbernimmt keine Verantwortung f\u00fcr die Inhalte, Informationen oder Dienste, die auf diesen Websites erscheinen. Diese dienen ausschlie\u00dflich Informationszwecken und begr\u00fcnden keinerlei Beziehung zwischen dem Betreiber und den Personen oder Organisationen, denen diese Inhalte geh\u00f6ren oder auf welchen Websites sie sich befinden.<\/p>\n<p><\/p>\n<p>Der Betreiber haftet unter keinen Umst\u00e4nden f\u00fcr Sch\u00e4den, die Nutzer dieser oder anderen Websites durch deren rechtswidrige oder unsachgem\u00e4\u00dfe Nutzung oder durch die Nutzung der dar\u00fcber zug\u00e4nglichen oder bereitgestellten Inhalte und Informationen zuf\u00fcgen.<\/p>\n<p><\/p>\n<p>Der Betreiber haftet nicht f\u00fcr Rechtsverletzungen, die von Nutzern seiner Website begangen werden und Dritte betreffen.<\/p>\n<p><\/p>\n<p>Der Betreiber gew\u00e4hrleistet weder die Zuverl\u00e4ssigkeit, Verf\u00fcgbarkeit noch die ununterbrochene Verf\u00fcgbarkeit seiner Website oder Dienste. Die Nutzung erfolgt daher auf eigenes Risiko des Nutzers, und der Betreiber \u00fcbernimmt keinerlei Haftung.<\/p>\n<p><\/p>\n<p>Der Eigent\u00fcmer haftet nicht f\u00fcr Serviceunterbrechungen, Verz\u00f6gerungen, Fehlfunktionen oder sonstige Unannehmlichkeiten, die auf Ursachen au\u00dferhalb seines Einflussbereichs, vors\u00e4tzliches oder fahrl\u00e4ssiges Handeln des Nutzers, h\u00f6here Gewalt oder Naturkatastrophen zur\u00fcckzuf\u00fchren sind. Unbeschadet der Bestimmungen des Artikels 1105 des B\u00fcrgerlichen Gesetzbuches umfasst h\u00f6here Gewalt im Sinne dieses Rechtshinweises auch Ereignisse, die au\u00dferhalb des Einflussbereichs des Eigent\u00fcmers liegen, wie beispielsweise: Ausf\u00e4lle von Drittanbietern oder Dienstleistungsunternehmen, beh\u00f6rdliche Anordnungen, fehlender Zugang zu Netzwerken Dritter, Handlungen oder Unterlassungen von Beh\u00f6rden, Naturereignisse, Stromausf\u00e4lle usw. sowie Angriffe von Hackern oder anderen auf die Sicherheit oder Integrit\u00e4t von Computersystemen spezialisierten Parteien, sofern der Eigent\u00fcmer angemessene Sicherheitsma\u00dfnahmen nach dem Stand der Technik getroffen hat. In jedem Fall, unabh\u00e4ngig von der Ursache, \u00fcbernimmt der Eigent\u00fcmer keine Haftung f\u00fcr direkte oder indirekte Sch\u00e4den, Folgesch\u00e4den und\/oder entgangenen Gewinn.<\/p>\n<p><\/p>\n<p>Der Betreiber ist bestrebt, alle Informationen auf seiner Website, die nicht den Mindeststandards f\u00fcr Genauigkeit entsprechen, zu aktualisieren und zu korrigieren. Er weist jedoch darauf hin, dass unbeabsichtigte Fehler auftreten k\u00f6nnen, und es steht den Nutzern frei, die Inhalte zu \u00fcberpr\u00fcfen. Der Betreiber ist in diesem Zusammenhang nicht verpflichtet, die von Nutzern oder Mitwirkenden \u00fcbermittelten, verbreiteten oder Dritten zug\u00e4nglich gemachten Inhalte zu \u00fcberwachen und tut dies auch nicht, es sei denn, dies ist gesetzlich vorgeschrieben oder wird von einer zust\u00e4ndigen Justiz- oder Verwaltungsbeh\u00f6rde verlangt.<\/p>\n<p><\/p>\n<p>Der Betreiber haftet nicht f\u00fcr die Nutzung dieser Website durch Dritte oder f\u00fcr Verweise auf externe Websites.<\/p>\n<p><\/p>\n<h2><strong>8. Verg\u00fctung<\/strong><\/h2>\n<p><\/p>\n<p>Die Nutzer verpflichten sich, den Eigent\u00fcmer von jeglichen Anspr\u00fcchen oder Forderungen Dritter freizustellen, die sich aus Aktivit\u00e4ten ergeben, die auf der Website beworben werden, oder aus einem Versto\u00df gegen den Rechtshinweis und andere Richtlinien, die als Bestandteil dieses Dokuments gelten, oder aus der Verletzung von Gesetzen oder Rechten Dritter.<\/p>\n<p><\/p>\n<h2><strong>9. Nichtigkeit und Unwirksamkeit der Klauseln<\/strong><\/h2>\n<p><\/p>\n<p>Sollte eine in diesem Rechtshinweis oder den \u00fcbrigen rechtlichen und informativen Texten der Website enthaltene Klausel ganz oder teilweise f\u00fcr nichtig oder unwirksam erkl\u00e4rt werden, so betrifft diese Nichtigkeit oder Unwirksamkeit nur die betreffende Bestimmung oder den nichtigen oder unwirksamen Teil davon, wobei die \u00fcbrigen Bestimmungen weiterhin in Kraft bleiben und die betreffende Bestimmung oder der betroffene Teil davon als nicht enthalten gilt.<\/p>\n<p><\/p>\n<h2><strong>10. Benachrichtigungen<\/strong><\/h2>\n<p><\/p>\n<p>S\u00e4mtliche Mitteilungen, Anfragen, Antr\u00e4ge und sonstige Korrespondenz, die von den Parteien im Zusammenhang mit diesem Rechtshinweis oder anderen rechtlichen und informativen Texten abzugeben sind, m\u00fcssen schriftlich erfolgen und gelten als ordnungsgem\u00e4\u00df zugestellt, wenn sie pers\u00f6nlich \u00fcbergeben oder per Post an die Adresse der anderen Partei oder an deren E-Mail-Adresse oder an eine andere Adresse oder E-Mail-Adresse gesendet wurden, die jede Partei der anderen zu diesem Zweck mitteilt.<\/p>\n<p><\/p>\n<h2><strong>11. Geistiges und gewerbliches Eigentum<\/strong><\/h2>\n<p><\/p>\n<p>Die Rechte am geistigen Eigentum dieser Website, ihres Quellcodes, Designs, ihrer Navigationsstruktur und aller darin enthaltenen Elemente liegen ausschlie\u00dflich beim Inhaber. Dieser besitzt die Rechte zur Verwertung in jeglicher Form, insbesondere die Rechte zur Vervielf\u00e4ltigung, Verbreitung, \u00f6ffentlichen Wiedergabe und Bearbeitung gem\u00e4\u00df geltendem spanischem und EU-Recht.<\/p>\n<p><\/p>\n<p>Die vollst\u00e4ndige oder teilweise Vervielf\u00e4ltigung der Inhalte dieser Website ist ohne die ausdr\u00fcckliche schriftliche Zustimmung des Inhabers strengstens untersagt, mit Ausnahme des Unternehmens, das die Website erstellt hat. Die unbefugte Nutzung dieser Inhalte durch Dritte zieht die gesetzlich vorgesehenen rechtlichen Konsequenzen nach sich.<\/p>\n<p><\/p>\n<p>Jegliche Form der Nutzung, einschlie\u00dflich Vervielf\u00e4ltigung, Verbreitung, Weitergabe an Dritte, \u00f6ffentliche Wiedergabe und Bearbeitung der vorgenannten Werke, Kreationen und Kennzeichen, ist ohne die vorherige und ausdr\u00fcckliche Genehmigung der jeweiligen Inhaber untersagt. Zuwiderhandlungen k\u00f6nnen eine Straftat darstellen.<\/p>\n<p><\/p>\n<p>Sofern nicht ausdr\u00fccklich vom Inhaber genehmigt, ist es untersagt, diese Website oder die darin enthaltenen Informationen in Frames darzustellen oder Kennzeichen, Marken oder Firmen- bzw. Handelsnamen anderer Personen, Unternehmen oder Organisationen zu verwenden. Dies gilt insbesondere f\u00fcr Bildmaterial, das als ausschlie\u00dfliches Eigentum des Inhabers gilt.<\/p>\n<p><\/p>\n<p>Die Verletzung der vorgenannten Rechte kann einen Versto\u00df gegen diese Nutzungsbedingungen sowie eine Straftat gem\u00e4\u00df Artikel 270 ff. des spanischen Strafgesetzbuches darstellen.<\/p>\n<p><\/p>\n<p>Der Eigent\u00fcmer ist nicht verantwortlich f\u00fcr die Nutzung der Website-Dienste durch den Benutzer sowie f\u00fcr jegliches Material, das er selbst auf dieser Website einf\u00fcgt und das geistige oder gewerbliche Eigentumsrechte oder sonstige Rechte Dritter verletzen k\u00f6nnte.<\/p>\n<p><\/p>\n<h2><strong>12. Gerichtsbarkeit<\/strong><\/h2>\n<p><\/p>\n<p>F\u00fcr alle Fragen, die sich im Zusammenhang mit der Auslegung, Anwendung und Einhaltung dieses Rechtshinweises ergeben, sowie f\u00fcr alle Anspr\u00fcche, die sich aus seiner Verwendung ergeben, unterwerfen sich alle beteiligten Parteien den f\u00fcr ihre jeweilige Gerichtsbarkeit zust\u00e4ndigen Richtern und Gerichten.<\/p>\n<p>[\/et_pb_text][\/et_pb_column][\/et_pb_row][\/et_pb_section]<\/p>\n","protected":false},"excerpt":{"rendered":"<p>Rechtlicher HinweisLesen Sie den Rechtstext sorgf\u00e4ltig durch.1. Titularidadhttps:\/\/transfersjames.com\/ Diese Website geh\u00f6rt der Jaume Juan Serra S.L., Steuernummer (NIF): B57802456, mit Sitz in Avenida Diagonal, 21B, 07458 Can Picafort, Palma de Mallorca. Sie ist im Handelsregister von Palma de Mallorca eingetragen (im Folgenden: der Eigent\u00fcmer).Transfers James ist ein Transportunternehmen auf Mallorca, das sich auf private Transfers [&hellip;]<\/p>\n","protected":false},"author":1,"featured_media":0,"parent":0,"menu_order":0,"comment_status":"closed","ping_status":"closed","template":"","meta":{"_et_pb_use_builder":"on","_et_pb_old_content":"","_et_gb_content_width":"","footnotes":""},"class_list":["post-429","page","type-page","status-publish","hentry"],"yoast_head":"<!-- This site is optimized with the Yoast SEO plugin v27.5 - https:\/\/yoast.com\/product\/yoast-seo-wordpress\/ -->\n<title>Rechtlicher Hinweis - TransfersJames<\/title>\n<meta name=\"robots\" content=\"index, follow, max-snippet:-1, max-image-preview:large, max-video-preview:-1\" \/>\n<link rel=\"canonical\" href=\"https:\/\/transfersjames.com\/de\/rechtlicher-hinweis\/\" \/>\n<meta property=\"og:locale\" content=\"de_DE\" \/>\n<meta property=\"og:type\" content=\"article\" \/>\n<meta property=\"og:title\" content=\"Rechtlicher Hinweis - TransfersJames\" \/>\n<meta property=\"og:description\" content=\"Rechtlicher HinweisLesen Sie den Rechtstext sorgf\u00e4ltig durch.1. Titularidadhttps:\/\/transfersjames.com\/ Diese Website geh\u00f6rt der Jaume Juan Serra S.L., Steuernummer (NIF): B57802456, mit Sitz in Avenida Diagonal, 21B, 07458 Can Picafort, Palma de Mallorca. Sie ist im Handelsregister von Palma de Mallorca eingetragen (im Folgenden: der Eigent\u00fcmer).Transfers James ist ein Transportunternehmen auf Mallorca, das sich auf private Transfers [&hellip;]\" \/>\n<meta property=\"og:url\" content=\"https:\/\/transfersjames.com\/de\/rechtlicher-hinweis\/\" \/>\n<meta property=\"og:site_name\" content=\"TransfersJames\" \/>\n<meta property=\"article:modified_time\" content=\"2026-04-28T12:43:41+00:00\" \/>\n<meta name=\"twitter:card\" content=\"summary_large_image\" \/>\n<meta name=\"twitter:label1\" content=\"Gesch\u00e4tzte Lesezeit\" \/>\n\t<meta name=\"twitter:data1\" content=\"10\u00a0Minuten\" \/>\n<script type=\"application\/ld+json\" class=\"yoast-schema-graph\">{\"@context\":\"https:\\\/\\\/schema.org\",\"@graph\":[{\"@type\":\"WebPage\",\"@id\":\"https:\\\/\\\/transfersjames.com\\\/de\\\/rechtlicher-hinweis\\\/\",\"url\":\"https:\\\/\\\/transfersjames.com\\\/de\\\/rechtlicher-hinweis\\\/\",\"name\":\"Rechtlicher Hinweis - TransfersJames\",\"isPartOf\":{\"@id\":\"https:\\\/\\\/transfersjames.com\\\/de\\\/#website\"},\"datePublished\":\"2026-04-20T09:25:15+00:00\",\"dateModified\":\"2026-04-28T12:43:41+00:00\",\"breadcrumb\":{\"@id\":\"https:\\\/\\\/transfersjames.com\\\/de\\\/rechtlicher-hinweis\\\/#breadcrumb\"},\"inLanguage\":\"de\",\"potentialAction\":[{\"@type\":\"ReadAction\",\"target\":[\"https:\\\/\\\/transfersjames.com\\\/de\\\/rechtlicher-hinweis\\\/\"]}]},{\"@type\":\"BreadcrumbList\",\"@id\":\"https:\\\/\\\/transfersjames.com\\\/de\\\/rechtlicher-hinweis\\\/#breadcrumb\",\"itemListElement\":[{\"@type\":\"ListItem\",\"position\":1,\"name\":\"Portada\",\"item\":\"https:\\\/\\\/transfersjames.com\\\/de\\\/\"},{\"@type\":\"ListItem\",\"position\":2,\"name\":\"Rechtlicher Hinweis\"}]},{\"@type\":\"WebSite\",\"@id\":\"https:\\\/\\\/transfersjames.com\\\/de\\\/#website\",\"url\":\"https:\\\/\\\/transfersjames.com\\\/de\\\/\",\"name\":\"TransfersJames\",\"description\":\"Transfers desde el aeropuerto de Mallorca\",\"potentialAction\":[{\"@type\":\"SearchAction\",\"target\":{\"@type\":\"EntryPoint\",\"urlTemplate\":\"https:\\\/\\\/transfersjames.com\\\/de\\\/?s={search_term_string}\"},\"query-input\":{\"@type\":\"PropertyValueSpecification\",\"valueRequired\":true,\"valueName\":\"search_term_string\"}}],\"inLanguage\":\"de\"}]}<\/script>\n<!-- \/ Yoast SEO plugin. -->","yoast_head_json":{"title":"Rechtlicher Hinweis - TransfersJames","robots":{"index":"index","follow":"follow","max-snippet":"max-snippet:-1","max-image-preview":"max-image-preview:large","max-video-preview":"max-video-preview:-1"},"canonical":"https:\/\/transfersjames.com\/de\/rechtlicher-hinweis\/","og_locale":"de_DE","og_type":"article","og_title":"Rechtlicher Hinweis - TransfersJames","og_description":"Rechtlicher HinweisLesen Sie den Rechtstext sorgf\u00e4ltig durch.1. Titularidadhttps:\/\/transfersjames.com\/ Diese Website geh\u00f6rt der Jaume Juan Serra S.L., Steuernummer (NIF): B57802456, mit Sitz in Avenida Diagonal, 21B, 07458 Can Picafort, Palma de Mallorca. Sie ist im Handelsregister von Palma de Mallorca eingetragen (im Folgenden: der Eigent\u00fcmer).Transfers James ist ein Transportunternehmen auf Mallorca, das sich auf private Transfers [&hellip;]","og_url":"https:\/\/transfersjames.com\/de\/rechtlicher-hinweis\/","og_site_name":"TransfersJames","article_modified_time":"2026-04-28T12:43:41+00:00","twitter_card":"summary_large_image","twitter_misc":{"Gesch\u00e4tzte Lesezeit":"10\u00a0Minuten"},"schema":{"@context":"https:\/\/schema.org","@graph":[{"@type":"WebPage","@id":"https:\/\/transfersjames.com\/de\/rechtlicher-hinweis\/","url":"https:\/\/transfersjames.com\/de\/rechtlicher-hinweis\/","name":"Rechtlicher Hinweis - TransfersJames","isPartOf":{"@id":"https:\/\/transfersjames.com\/de\/#website"},"datePublished":"2026-04-20T09:25:15+00:00","dateModified":"2026-04-28T12:43:41+00:00","breadcrumb":{"@id":"https:\/\/transfersjames.com\/de\/rechtlicher-hinweis\/#breadcrumb"},"inLanguage":"de","potentialAction":[{"@type":"ReadAction","target":["https:\/\/transfersjames.com\/de\/rechtlicher-hinweis\/"]}]},{"@type":"BreadcrumbList","@id":"https:\/\/transfersjames.com\/de\/rechtlicher-hinweis\/#breadcrumb","itemListElement":[{"@type":"ListItem","position":1,"name":"Portada","item":"https:\/\/transfersjames.com\/de\/"},{"@type":"ListItem","position":2,"name":"Rechtlicher Hinweis"}]},{"@type":"WebSite","@id":"https:\/\/transfersjames.com\/de\/#website","url":"https:\/\/transfersjames.com\/de\/","name":"TransfersJames","description":"Transfers desde el aeropuerto de Mallorca","potentialAction":[{"@type":"SearchAction","target":{"@type":"EntryPoint","urlTemplate":"https:\/\/transfersjames.com\/de\/?s={search_term_string}"},"query-input":{"@type":"PropertyValueSpecification","valueRequired":true,"valueName":"search_term_string"}}],"inLanguage":"de"}]}},"_links":{"self":[{"href":"https:\/\/transfersjames.com\/de\/wp-json\/wp\/v2\/pages\/429","targetHints":{"allow":["GET"]}}],"collection":[{"href":"https:\/\/transfersjames.com\/de\/wp-json\/wp\/v2\/pages"}],"about":[{"href":"https:\/\/transfersjames.com\/de\/wp-json\/wp\/v2\/types\/page"}],"author":[{"embeddable":true,"href":"https:\/\/transfersjames.com\/de\/wp-json\/wp\/v2\/users\/1"}],"replies":[{"embeddable":true,"href":"https:\/\/transfersjames.com\/de\/wp-json\/wp\/v2\/comments?post=429"}],"version-history":[{"count":2,"href":"https:\/\/transfersjames.com\/de\/wp-json\/wp\/v2\/pages\/429\/revisions"}],"predecessor-version":[{"id":431,"href":"https:\/\/transfersjames.com\/de\/wp-json\/wp\/v2\/pages\/429\/revisions\/431"}],"wp:attachment":[{"href":"https:\/\/transfersjames.com\/de\/wp-json\/wp\/v2\/media?parent=429"}],"curies":[{"name":"wp","href":"https:\/\/api.w.org\/{rel}","templated":true}]}}