{"id":423,"date":"2026-04-20T09:24:49","date_gmt":"2026-04-20T09:24:49","guid":{"rendered":"https:\/\/transfersjames.com\/datenschutzrichtlinie\/"},"modified":"2026-04-28T12:31:57","modified_gmt":"2026-04-28T12:31:57","slug":"datenschutzrichtlinie","status":"publish","type":"page","link":"https:\/\/transfersjames.com\/de\/datenschutzrichtlinie\/","title":{"rendered":"Datenschutzrichtlinie"},"content":{"rendered":"<p>[et_pb_section fb_built=&#8220;1&#8243; _builder_version=&#8220;4.27.6&#8243; _module_preset=&#8220;default&#8220; background_color=&#8220;#6E6E73&#8243; background_enable_image=&#8220;off&#8220; background_blend=&#8220;multiply&#8220; custom_margin=&#8220;|30px||30px|false|true&#8220; custom_margin_tablet=&#8220;60px|30px||30px|false|true&#8220; custom_margin_phone=&#8220;60px|20px||20px|false|true&#8220; custom_margin_last_edited=&#8220;on|phone&#8220; custom_padding=&#8220;4.5%||4.5%||true|false&#8220; border_radii=&#8220;on|20px|20px|20px|20px&#8220; locked=&#8220;off&#8220; global_colors_info=&#8220;{}&#8220;][et_pb_row custom_padding_last_edited=&#8220;on|phone&#8220; _builder_version=&#8220;4.27.6&#8243; _module_preset=&#8220;default&#8220; width=&#8220;90%&#8220; max_width=&#8220;90%&#8220; custom_margin_tablet=&#8220;&#8220; custom_margin_phone=&#8220;60px||0px||false|false&#8220; custom_margin_last_edited=&#8220;on|phone&#8220; custom_padding_tablet=&#8220;&#8220; custom_padding_phone=&#8220;||0px||false|false&#8220; global_colors_info=&#8220;{}&#8220;][et_pb_column type=&#8220;4_4&#8243; _builder_version=&#8220;4.27.6&#8243; _module_preset=&#8220;default&#8220; custom_padding_tablet=&#8220;&#8220; custom_padding_phone=&#8220;60px||||false|false&#8220; custom_padding_last_edited=&#8220;on|phone&#8220; global_colors_info=&#8220;{}&#8220;][et_pb_text _builder_version=&#8220;4.27.6&#8243; _module_preset=&#8220;default&#8220; header_font=&#8220;Plus Jakarta Sans||||||||&#8220; header_text_color=&#8220;#FFFFFF&#8220; header_font_size=&#8220;48px&#8220; header_letter_spacing=&#8220;-1px&#8220; width=&#8220;720px&#8220; custom_margin=&#8220;||5px||false|false&#8220; custom_padding_tablet=&#8220;&#8220; custom_padding_phone=&#8220;||0px||false|false&#8220; custom_padding_last_edited=&#8220;on|phone&#8220; header_font_size_tablet=&#8220;48px&#8220; header_font_size_phone=&#8220;32px&#8220; header_font_size_last_edited=&#8220;on|phone&#8220; global_colors_info=&#8220;{}&#8220;]<\/p>\n<h1>Datenschutzrichtlinie<\/h1>\n<p>[\/et_pb_text][et_pb_text _builder_version=&#8220;4.27.6&#8243; _module_preset=&#8220;default&#8220; text_font=&#8220;Plus Jakarta Sans||||||||&#8220; text_text_color=&#8220;#FFFFFF&#8220; text_font_size=&#8220;17px&#8220; text_letter_spacing=&#8220;-0.5px&#8220; text_line_height=&#8220;1.4em&#8220; header_2_font=&#8220;Italiana|700|||||||&#8220; header_2_text_color=&#8220;#FFFFFF&#8220; header_2_font_size=&#8220;32px&#8220; header_2_letter_spacing=&#8220;0.5px&#8220; header_2_line_height=&#8220;1.2em&#8220; max_width=&#8220;520px&#8220; module_alignment=&#8220;left&#8220; custom_margin=&#8220;||0px||false|false&#8220; header_font_size_tablet=&#8220;&#8220; header_font_size_phone=&#8220;28px&#8220; header_font_size_last_edited=&#8220;on|phone&#8220; header_2_font_size_tablet=&#8220;30px&#8220; header_2_font_size_phone=&#8220;28px&#8220; header_2_font_size_last_edited=&#8220;on|desktop&#8220; global_colors_info=&#8220;{}&#8220;]<\/p>\n<p data-start=\"88\" data-end=\"260\">Lesen Sie den Rechtstext sorgf\u00e4ltig durch.<\/p>\n<p>[\/et_pb_text][et_pb_button button_url=&#8220;#Recht&#8220; button_text=&#8220;Lesen Sie die rechtlichen Hinweise.&#8220; _builder_version=&#8220;4.27.6&#8243; _module_preset=&#8220;default&#8220; custom_button=&#8220;on&#8220; button_text_size=&#8220;14px&#8220; button_text_color=&#8220;#FFFFFF&#8220; button_bg_color=&#8220;#1C1D1D&#8220; button_border_width=&#8220;0px&#8220; button_border_color=&#8220;#FFFFFF&#8220; button_border_radius=&#8220;30px&#8220; button_font=&#8220;Manrope|600|||||||&#8220; button_use_icon=&#8220;off&#8220; custom_margin=&#8220;20px||30px||false|false&#8220; custom_padding=&#8220;13px|35px|13px|35px|false|false&#8220; hover_enabled=&#8220;0&#8243; global_colors_info=&#8220;{}&#8220; button_text_color__hover=&#8220;#1C1D1D&#8220; button_text_color__hover_enabled=&#8220;on|hover&#8220; button_bg_color__hover=&#8220;#E5E4E2&#8243; button_bg_color__hover_enabled=&#8220;on|hover&#8220; button_border_color__hover=&#8220;#0e5075&#8243; button_border_color__hover_enabled=&#8220;on|hover&#8220; button_letter_spacing__hover=&#8220;0px&#8220; button_letter_spacing__hover_enabled=&#8220;on|hover&#8220; sticky_enabled=&#8220;0&#8243;][\/et_pb_button][\/et_pb_column][\/et_pb_row][\/et_pb_section][et_pb_section fb_built=&#8220;1&#8243; module_id=&#8220;Recht&#8220; _builder_version=&#8220;4.27.6&#8243; _module_preset=&#8220;default&#8220; background_color=&#8220;#f5f5f7&#8243; custom_padding=&#8220;80px||30px||false|false&#8220; animation_style=&#8220;fade&#8220; hover_enabled=&#8220;0&#8243; locked=&#8220;off&#8220; global_colors_info=&#8220;{}&#8220; sticky_enabled=&#8220;0&#8243;][et_pb_row _builder_version=&#8220;4.27.6&#8243; _module_preset=&#8220;default&#8220; width=&#8220;87%&#8220; max_width=&#8220;87%&#8220; custom_margin=&#8220;||||false|false&#8220; custom_padding=&#8220;||||false|false&#8220; animation_style=&#8220;slide&#8220; animation_direction=&#8220;bottom&#8220; animation_intensity_slide=&#8220;10%&#8220; animation_speed_curve=&#8220;ease&#8220; global_colors_info=&#8220;{}&#8220; custom_css_main_element_last_edited=&#8220;on|phone&#8220; custom_css_main_element_tablet=&#8220;display: inherit;||align-items: inherit;&#8220; custom_css_main_element_phone=&#8220;display: inherit;||align-items: inherit;&#8220;][et_pb_column type=&#8220;4_4&#8243; _builder_version=&#8220;4.20.4&#8243; _module_preset=&#8220;default&#8220; custom_padding=&#8220;0px||0px||false|false&#8220; global_colors_info=&#8220;{}&#8220;][et_pb_text _builder_version=&#8220;4.27.6&#8243; _module_preset=&#8220;default&#8220; text_font=&#8220;Manrope||||||||&#8220; text_text_color=&#8220;#6E6E73&#8243; text_font_size=&#8220;16px&#8220; text_letter_spacing=&#8220;-0.5px&#8220; text_line_height=&#8220;1.3em&#8220; header_2_font=&#8220;Manrope|700|||||||&#8220; header_2_text_color=&#8220;#1C1D1D&#8220; header_2_font_size=&#8220;32px&#8220; header_2_line_height=&#8220;1.2em&#8220; module_alignment=&#8220;left&#8220; custom_margin=&#8220;||0px||false|false&#8220; hover_enabled=&#8220;0&#8243; header_font_size_tablet=&#8220;&#8220; header_font_size_phone=&#8220;28px&#8220; header_font_size_last_edited=&#8220;on|phone&#8220; header_2_font_size_tablet=&#8220;30px&#8220; header_2_font_size_phone=&#8220;28px&#8220; header_2_font_size_last_edited=&#8220;on|desktop&#8220; global_colors_info=&#8220;{}&#8220; sticky_enabled=&#8220;0&#8243;]<\/p>\n<p>Der Inhaber verpflichtet sich zur Einhaltung der Datenschutzbestimmungen und zur Wahrung der Privatsph\u00e4re der Nutzer. Ziel ist es, dem Nutzer den bestm\u00f6glichen Service zu bieten. Hierf\u00fcr ist die Verarbeitung seiner personenbezogenen Daten erforderlich. Der Nutzer darf ausschlie\u00dflich seine eigenen personenbezogenen Daten angeben, niemals jedoch die Daten einer anderen Person ohne deren ausdr\u00fcckliche Einwilligung. Der Nutzer tr\u00e4gt die alleinige Verantwortung, falls er dies dennoch tut.<\/p>\n<p><\/p>\n<h2><strong>1. Verantwortlicher f\u00fcr die Datenverarbeitung<\/strong><\/h2>\n<p><\/p>\n<p>Jaume Juan Serra S.L.<br \/>NIF: B57802456<br \/>Adresse: Avenida Diagonal, 21B. 07458. Can Picafort. Palma de Mallorca<br \/>Telefon: <a href=\"tel:+34606626419\">606626419<\/a><\/p>\n<p><\/p>\n<h2><strong>2. Zwecke und Legitimit\u00e4t<\/strong><\/h2>\n<p><\/p>\n<p><span style=\"font-weight: 400;\"><strong>Bearbeitung von Anfragen:<\/strong> Wir beantworten Anfragen von Nutzern, die uns \u00fcber die Formulare oder Kommunikationsmittel auf der Website kontaktieren. Wenn Sie WhatsApp f\u00fcr Anfragen nutzen, willigen Sie ausdr\u00fccklich in die Verarbeitung Ihrer Daten durch diese Anwendung ein. Dies kann die \u00dcbermittlung Ihrer Daten in ein Land au\u00dferhalb der EU beinhalten. WhatsApp unterliegt jedoch in jedem Fall dem EU-US-Datenschutzrahmen. Rechtsgrundlage f\u00fcr die Verarbeitung ist Ihre Einwilligung gem\u00e4\u00df Art. 6 Abs. 1 lit. a) DSGVO. <\/span><\/p>\n<p><\/p>\n<p><strong>Browserdaten:<\/strong> Daten, die von Erstanbieter- oder Drittanbieter-Cookies dieser Website erfasst werden, nachdem der Nutzer dar\u00fcber informiert wurde und diese akzeptiert hat. Rechtsgrundlage f\u00fcr die Verarbeitung ist die Einwilligung des Nutzers gem\u00e4\u00df Art. 6 Abs. 1 lit. a DSGVO.<\/p>\n<p><\/p>\n<p>Die zu diesem Zweck verarbeiteten Daten umfassen auch Daten, die von auf der Website generierten Cookies gem\u00e4\u00df ihrem jeweiligen Zweck erfasst werden. Weitere Informationen finden Sie in unserer Cookie-Richtlinie oder in Ihren Cookie-Einstellungen in unserem Cookie-Verwaltungstool.<\/p>\n<p><\/p>\n<p>Der Betreiber ist weder f\u00fcr die Verarbeitung von Informationen verantwortlich, die durch Werbe-Cookies von Drittanbietern erfasst werden, noch hat er Zugriff auf diese Daten. Der Betreiber weist die Nutzer darauf hin, dass diese Drittanbieter die Daten je nach Art des Cookies f\u00fcr eigene Zwecke verarbeiten und die Informationen gegebenenfalls an andere Dienstleister weitergeben oder mit Daten kombinieren, die von diesen oder anderen Herausgebern auf anderen Websites erfasst wurden, um die ihnen jeweils \u00fcbertragenen Dienstleistungen zu erbringen.<\/p>\n<p><\/p>\n<p><strong>Kommerzielle Mitteilungen:<\/strong> Nutzer, die diese Option freiwillig w\u00e4hlen, erhalten vom Verantwortlichen f\u00fcr die Datenverarbeitung Werbeaktionen, Angebote, Neuigkeiten, Einladungen zu Veranstaltungen und sonstige kommerzielle Informationen. Rechtsgrundlage f\u00fcr diese Verarbeitung ist die Einwilligung des Nutzers gem\u00e4\u00df Art. 6 Abs. 1 lit. a DSGVO.<\/p>\n<p><\/p>\n<h2><strong>3. Lagerfristen<\/strong><\/h2>\n<p><\/p>\n<p>Die Daten werden so lange aufbewahrt, wie die Gesch\u00e4ftsbeziehung besteht und ihre L\u00f6schung nicht beantragt wird, und in jedem Fall unter Einhaltung der geltenden gesetzlichen Verj\u00e4hrungsfristen.<\/p>\n<p><\/p>\n<h2><strong>4. Transfers<\/strong><\/h2>\n<p><\/p>\n<p>Es ist nicht geplant, die \u00fcber diese Website erhobenen personenbezogenen Daten der Nutzer ohne entsprechende Rechtsgrundlage an Dritte weiterzugeben.<\/p>\n<p><\/p>\n<p>Der Betreiber nutzt externe Anbieter, die Cookies verwenden, um Nutzungsanalysen durchzuf\u00fchren und Werbung zu schalten, die verhaltensbasiert sein kann. Der Betreiber hat keinen Zugriff auf die durch diese Cookies generierten Daten. Nutzer k\u00f6nnen vorab ausw\u00e4hlen, welche Cookies auf dieser Website gesetzt werden, ihre Einstellungen nachtr\u00e4glich \u00e4ndern und die Cookie-Richtlinie jederzeit einsehen.<\/p>\n<p><\/p>\n<p>Im Rahmen der Dienstleistungserbringung k\u00f6nnen Nutzerdaten von Unternehmen verarbeitet werden, die dem Betreiber verschiedene Dienstleistungen erbringen, darunter Versand, Kurierdienste, Buchhaltung, Beratung, IT-Wartung oder sonstige Dienstleistungen, bei denen der Zugriff auf oder die Verarbeitung dieser Daten aufgrund ihrer Rolle als Auftragsverarbeiter unerl\u00e4sslich oder unvermeidbar ist. Diese Verarbeitung stellt unter keinen Umst\u00e4nden eine Daten\u00fcbermittlung dar.<\/p>\n<p><\/p>\n<h2><strong>5. Rechte der Beteiligten<\/strong><\/h2>\n<p><\/p>\n<p><span style=\"font-weight: 400;\">Nutzer k\u00f6nnen ihre Rechte auf Auskunft, Berichtigung, L\u00f6schung, Widerspruch, Einschr\u00e4nkung der Verarbeitung, Daten\u00fcbertragbarkeit und das Recht, nicht einer ausschlie\u00dflich auf automatisierter Verarbeitung beruhenden Entscheidung unterworfen zu werden (einschlie\u00dflich Profiling), aus\u00fcben, indem sie eine Anfrage mit dem Betreff \u201eDatenschutz\u201c an folgende Adresse senden: Avenida Diagonal, 21B, 07458 Can Picafort, Palma de Mallorca, unter Angabe ihrer Kontaktdaten. Sollten sie der Ansicht sein, dass ihre Rechte verletzt wurden, k\u00f6nnen sie eine Beschwerde bei der spanischen Datenschutzbeh\u00f6rde einreichen. (<a href=\"http:\/\/www.aepd.es\">www.aepd.es<\/a>).\u00a0<\/span><\/p>\n<p><\/p>\n<h2><strong>6. Freitextfelder<\/strong><\/h2>\n<p><\/p>\n<p>Die Freitextfelder in den Formularen der Website dienen ausschlie\u00dflich der Erfassung von Informationen zur Verbesserung der Servicequalit\u00e4t.<\/p>\n<p><\/p>\n<p>Der Nutzer darf in den Freitextfeldern der Website keine personenbezogenen Daten angeben, die eines besonderen Schutzes bed\u00fcrfen. Zu diesen Daten geh\u00f6ren unter anderem Informationen \u00fcber die finanzielle Situation, psychologische Profile, Weltanschauung, Religion, \u00dcberzeugungen, Gewerkschaftszugeh\u00f6rigkeit, Gesundheit, ethnische Herkunft und\/oder das Sexualleben.<\/p>\n<p><\/p>\n<h2><strong>7. Optionale Felder<\/strong><\/h2>\n<p><\/p>\n<p><span style=\"font-weight: 400;\">El Titular comunica al Usuario el car\u00e1cter no obligatorio de la recogida de algunos datos, salvo en los campos que se indique lo contrario mediante un (*). No obstante, la no cumplimentaci\u00f3n de dichos datos podr\u00e1 impedir prestar todos aquellos Servicios vinculados a tales datos, liber\u00e1ndole de toda responsabilidad por la no prestaci\u00f3n o prestaci\u00f3n incompleta de estos Servicios.<\/span><\/p>\n<p><\/p>\n<h2><strong>8. Zugang zu und Berichtigung personenbezogener Daten<\/strong><\/h2>\n<p><\/p>\n<p>Der Nutzer verpflichtet sich, korrekte Angaben zu seinen personenbezogenen Daten zu machen und diese dem Betreiber aktuell zu halten. Der Nutzer tr\u00e4gt in jedem Fall die Verantwortung f\u00fcr die Richtigkeit der angegebenen Daten. Der Betreiber beh\u00e4lt sich das Recht vor, Nutzer, die falsche Daten angegeben haben, von den Diensten auszuschlie\u00dfen, unbeschadet etwaiger weiterer rechtlicher Schritte. Die vom Nutzer angegebenen Daten gelten als korrekt. Sollte der Nutzer jedoch falsche Daten angeben, \u00fcbernimmt der Betreiber keine Haftung f\u00fcr die fehlerhafte oder nicht erfolgte Bearbeitung der Daten sowie f\u00fcr die fehlerhafte Durchf\u00fchrung der erforderlichen administrativen Schritte.<\/p>\n<p><\/p>\n<h2><strong>9. Vertraulichkeit<\/strong><\/h2>\n<p><\/p>\n<p>Des Weiteren gelten alle zwischen den Parteien ausgetauschten Informationen, Informationen, die sie als vertraulich einstufen, sowie Informationen, die sich lediglich auf den Inhalt solcher Informationen beziehen, ebenfalls als vertraulich. Das Einsehen von Daten \u00fcber das Internet stellt keinen direkten Zugriff darauf dar, es sei denn, der Dateneigent\u00fcmer hat in jedem Einzelfall seine ausdr\u00fcckliche Einwilligung erteilt.<\/p>\n<p>[\/et_pb_text][\/et_pb_column][\/et_pb_row][\/et_pb_section]<\/p>\n","protected":false},"excerpt":{"rendered":"<p>DatenschutzrichtlinieLesen Sie den Rechtstext sorgf\u00e4ltig durch.Der Inhaber verpflichtet sich zur Einhaltung der Datenschutzbestimmungen und zur Wahrung der Privatsph\u00e4re der Nutzer. Ziel ist es, dem Nutzer den bestm\u00f6glichen Service zu bieten. Hierf\u00fcr ist die Verarbeitung seiner personenbezogenen Daten erforderlich. Der Nutzer darf ausschlie\u00dflich seine eigenen personenbezogenen Daten angeben, niemals jedoch die Daten einer anderen Person ohne [&hellip;]<\/p>\n","protected":false},"author":1,"featured_media":0,"parent":0,"menu_order":0,"comment_status":"closed","ping_status":"closed","template":"","meta":{"_et_pb_use_builder":"on","_et_pb_old_content":"","_et_gb_content_width":"","footnotes":""},"class_list":["post-423","page","type-page","status-publish","hentry"],"yoast_head":"<!-- This site is optimized with the Yoast SEO plugin v27.5 - https:\/\/yoast.com\/product\/yoast-seo-wordpress\/ -->\n<title>Datenschutzrichtlinie - TransfersJames<\/title>\n<meta name=\"robots\" content=\"index, follow, max-snippet:-1, max-image-preview:large, max-video-preview:-1\" \/>\n<link rel=\"canonical\" href=\"https:\/\/transfersjames.com\/de\/datenschutzrichtlinie\/\" \/>\n<meta property=\"og:locale\" content=\"de_DE\" \/>\n<meta property=\"og:type\" content=\"article\" \/>\n<meta property=\"og:title\" content=\"Datenschutzrichtlinie - TransfersJames\" \/>\n<meta property=\"og:description\" content=\"DatenschutzrichtlinieLesen Sie den Rechtstext sorgf\u00e4ltig durch.Der Inhaber verpflichtet sich zur Einhaltung der Datenschutzbestimmungen und zur Wahrung der Privatsph\u00e4re der Nutzer. Ziel ist es, dem Nutzer den bestm\u00f6glichen Service zu bieten. Hierf\u00fcr ist die Verarbeitung seiner personenbezogenen Daten erforderlich. Der Nutzer darf ausschlie\u00dflich seine eigenen personenbezogenen Daten angeben, niemals jedoch die Daten einer anderen Person ohne [&hellip;]\" \/>\n<meta property=\"og:url\" content=\"https:\/\/transfersjames.com\/de\/datenschutzrichtlinie\/\" \/>\n<meta property=\"og:site_name\" content=\"TransfersJames\" \/>\n<meta property=\"article:modified_time\" content=\"2026-04-28T12:31:57+00:00\" \/>\n<meta name=\"twitter:card\" content=\"summary_large_image\" \/>\n<meta name=\"twitter:label1\" content=\"Gesch\u00e4tzte Lesezeit\" \/>\n\t<meta name=\"twitter:data1\" content=\"8\u00a0Minuten\" \/>\n<script type=\"application\/ld+json\" class=\"yoast-schema-graph\">{\"@context\":\"https:\\\/\\\/schema.org\",\"@graph\":[{\"@type\":\"WebPage\",\"@id\":\"https:\\\/\\\/transfersjames.com\\\/de\\\/datenschutzrichtlinie\\\/\",\"url\":\"https:\\\/\\\/transfersjames.com\\\/de\\\/datenschutzrichtlinie\\\/\",\"name\":\"Datenschutzrichtlinie - TransfersJames\",\"isPartOf\":{\"@id\":\"https:\\\/\\\/transfersjames.com\\\/de\\\/#website\"},\"datePublished\":\"2026-04-20T09:24:49+00:00\",\"dateModified\":\"2026-04-28T12:31:57+00:00\",\"breadcrumb\":{\"@id\":\"https:\\\/\\\/transfersjames.com\\\/de\\\/datenschutzrichtlinie\\\/#breadcrumb\"},\"inLanguage\":\"de\",\"potentialAction\":[{\"@type\":\"ReadAction\",\"target\":[\"https:\\\/\\\/transfersjames.com\\\/de\\\/datenschutzrichtlinie\\\/\"]}]},{\"@type\":\"BreadcrumbList\",\"@id\":\"https:\\\/\\\/transfersjames.com\\\/de\\\/datenschutzrichtlinie\\\/#breadcrumb\",\"itemListElement\":[{\"@type\":\"ListItem\",\"position\":1,\"name\":\"Portada\",\"item\":\"https:\\\/\\\/transfersjames.com\\\/de\\\/\"},{\"@type\":\"ListItem\",\"position\":2,\"name\":\"Datenschutzrichtlinie\"}]},{\"@type\":\"WebSite\",\"@id\":\"https:\\\/\\\/transfersjames.com\\\/de\\\/#website\",\"url\":\"https:\\\/\\\/transfersjames.com\\\/de\\\/\",\"name\":\"TransfersJames\",\"description\":\"Transfers desde el aeropuerto de Mallorca\",\"potentialAction\":[{\"@type\":\"SearchAction\",\"target\":{\"@type\":\"EntryPoint\",\"urlTemplate\":\"https:\\\/\\\/transfersjames.com\\\/de\\\/?s={search_term_string}\"},\"query-input\":{\"@type\":\"PropertyValueSpecification\",\"valueRequired\":true,\"valueName\":\"search_term_string\"}}],\"inLanguage\":\"de\"}]}<\/script>\n<!-- \/ Yoast SEO plugin. -->","yoast_head_json":{"title":"Datenschutzrichtlinie - TransfersJames","robots":{"index":"index","follow":"follow","max-snippet":"max-snippet:-1","max-image-preview":"max-image-preview:large","max-video-preview":"max-video-preview:-1"},"canonical":"https:\/\/transfersjames.com\/de\/datenschutzrichtlinie\/","og_locale":"de_DE","og_type":"article","og_title":"Datenschutzrichtlinie - TransfersJames","og_description":"DatenschutzrichtlinieLesen Sie den Rechtstext sorgf\u00e4ltig durch.Der Inhaber verpflichtet sich zur Einhaltung der Datenschutzbestimmungen und zur Wahrung der Privatsph\u00e4re der Nutzer. Ziel ist es, dem Nutzer den bestm\u00f6glichen Service zu bieten. Hierf\u00fcr ist die Verarbeitung seiner personenbezogenen Daten erforderlich. Der Nutzer darf ausschlie\u00dflich seine eigenen personenbezogenen Daten angeben, niemals jedoch die Daten einer anderen Person ohne [&hellip;]","og_url":"https:\/\/transfersjames.com\/de\/datenschutzrichtlinie\/","og_site_name":"TransfersJames","article_modified_time":"2026-04-28T12:31:57+00:00","twitter_card":"summary_large_image","twitter_misc":{"Gesch\u00e4tzte Lesezeit":"8\u00a0Minuten"},"schema":{"@context":"https:\/\/schema.org","@graph":[{"@type":"WebPage","@id":"https:\/\/transfersjames.com\/de\/datenschutzrichtlinie\/","url":"https:\/\/transfersjames.com\/de\/datenschutzrichtlinie\/","name":"Datenschutzrichtlinie - TransfersJames","isPartOf":{"@id":"https:\/\/transfersjames.com\/de\/#website"},"datePublished":"2026-04-20T09:24:49+00:00","dateModified":"2026-04-28T12:31:57+00:00","breadcrumb":{"@id":"https:\/\/transfersjames.com\/de\/datenschutzrichtlinie\/#breadcrumb"},"inLanguage":"de","potentialAction":[{"@type":"ReadAction","target":["https:\/\/transfersjames.com\/de\/datenschutzrichtlinie\/"]}]},{"@type":"BreadcrumbList","@id":"https:\/\/transfersjames.com\/de\/datenschutzrichtlinie\/#breadcrumb","itemListElement":[{"@type":"ListItem","position":1,"name":"Portada","item":"https:\/\/transfersjames.com\/de\/"},{"@type":"ListItem","position":2,"name":"Datenschutzrichtlinie"}]},{"@type":"WebSite","@id":"https:\/\/transfersjames.com\/de\/#website","url":"https:\/\/transfersjames.com\/de\/","name":"TransfersJames","description":"Transfers desde el aeropuerto de Mallorca","potentialAction":[{"@type":"SearchAction","target":{"@type":"EntryPoint","urlTemplate":"https:\/\/transfersjames.com\/de\/?s={search_term_string}"},"query-input":{"@type":"PropertyValueSpecification","valueRequired":true,"valueName":"search_term_string"}}],"inLanguage":"de"}]}},"_links":{"self":[{"href":"https:\/\/transfersjames.com\/de\/wp-json\/wp\/v2\/pages\/423","targetHints":{"allow":["GET"]}}],"collection":[{"href":"https:\/\/transfersjames.com\/de\/wp-json\/wp\/v2\/pages"}],"about":[{"href":"https:\/\/transfersjames.com\/de\/wp-json\/wp\/v2\/types\/page"}],"author":[{"embeddable":true,"href":"https:\/\/transfersjames.com\/de\/wp-json\/wp\/v2\/users\/1"}],"replies":[{"embeddable":true,"href":"https:\/\/transfersjames.com\/de\/wp-json\/wp\/v2\/comments?post=423"}],"version-history":[{"count":2,"href":"https:\/\/transfersjames.com\/de\/wp-json\/wp\/v2\/pages\/423\/revisions"}],"predecessor-version":[{"id":425,"href":"https:\/\/transfersjames.com\/de\/wp-json\/wp\/v2\/pages\/423\/revisions\/425"}],"wp:attachment":[{"href":"https:\/\/transfersjames.com\/de\/wp-json\/wp\/v2\/media?parent=423"}],"curies":[{"name":"wp","href":"https:\/\/api.w.org\/{rel}","templated":true}]}}