{"id":420,"date":"2026-04-20T09:25:02","date_gmt":"2026-04-20T09:25:02","guid":{"rendered":"https:\/\/transfersjames.com\/cookie-richtlinie\/"},"modified":"2026-04-28T12:28:00","modified_gmt":"2026-04-28T12:28:00","slug":"cookie-richtlinie","status":"publish","type":"page","link":"https:\/\/transfersjames.com\/de\/cookie-richtlinie\/","title":{"rendered":"Cookie-Richtlinie"},"content":{"rendered":"<p>[et_pb_section fb_built=&#8220;1&#8243; _builder_version=&#8220;4.27.6&#8243; _module_preset=&#8220;default&#8220; background_color=&#8220;#6E6E73&#8243; background_enable_image=&#8220;off&#8220; background_blend=&#8220;multiply&#8220; custom_margin=&#8220;|30px||30px|false|true&#8220; custom_margin_tablet=&#8220;60px|30px||30px|false|true&#8220; custom_margin_phone=&#8220;60px|20px||20px|false|true&#8220; custom_margin_last_edited=&#8220;on|phone&#8220; custom_padding=&#8220;4.5%||4.5%||true|false&#8220; border_radii=&#8220;on|20px|20px|20px|20px&#8220; locked=&#8220;off&#8220; global_colors_info=&#8220;{}&#8220;][et_pb_row custom_padding_last_edited=&#8220;on|phone&#8220; _builder_version=&#8220;4.27.6&#8243; _module_preset=&#8220;default&#8220; width=&#8220;90%&#8220; max_width=&#8220;90%&#8220; custom_margin_tablet=&#8220;&#8220; custom_margin_phone=&#8220;60px||0px||false|false&#8220; custom_margin_last_edited=&#8220;on|phone&#8220; custom_padding_tablet=&#8220;&#8220; custom_padding_phone=&#8220;||0px||false|false&#8220; global_colors_info=&#8220;{}&#8220;][et_pb_column type=&#8220;4_4&#8243; _builder_version=&#8220;4.27.6&#8243; _module_preset=&#8220;default&#8220; custom_padding_tablet=&#8220;&#8220; custom_padding_phone=&#8220;60px||||false|false&#8220; custom_padding_last_edited=&#8220;on|phone&#8220; global_colors_info=&#8220;{}&#8220;][et_pb_text _builder_version=&#8220;4.27.6&#8243; _module_preset=&#8220;default&#8220; header_font=&#8220;Plus Jakarta Sans||||||||&#8220; header_text_color=&#8220;#FFFFFF&#8220; header_font_size=&#8220;48px&#8220; header_letter_spacing=&#8220;-1px&#8220; width=&#8220;720px&#8220; custom_margin=&#8220;||5px||false|false&#8220; custom_padding_tablet=&#8220;&#8220; custom_padding_phone=&#8220;||0px||false|false&#8220; custom_padding_last_edited=&#8220;on|phone&#8220; header_font_size_tablet=&#8220;48px&#8220; header_font_size_phone=&#8220;32px&#8220; header_font_size_last_edited=&#8220;on|phone&#8220; global_colors_info=&#8220;{}&#8220;]<\/p>\n<h1>Cookie-Richtlinie<\/h1>\n<p>[\/et_pb_text][et_pb_text _builder_version=&#8220;4.27.6&#8243; _module_preset=&#8220;default&#8220; text_font=&#8220;Plus Jakarta Sans||||||||&#8220; text_text_color=&#8220;#FFFFFF&#8220; text_font_size=&#8220;17px&#8220; text_letter_spacing=&#8220;-0.5px&#8220; text_line_height=&#8220;1.4em&#8220; header_2_font=&#8220;Italiana|700|||||||&#8220; header_2_text_color=&#8220;#FFFFFF&#8220; header_2_font_size=&#8220;32px&#8220; header_2_letter_spacing=&#8220;0.5px&#8220; header_2_line_height=&#8220;1.2em&#8220; max_width=&#8220;520px&#8220; module_alignment=&#8220;left&#8220; custom_margin=&#8220;||0px||false|false&#8220; header_font_size_tablet=&#8220;&#8220; header_font_size_phone=&#8220;28px&#8220; header_font_size_last_edited=&#8220;on|phone&#8220; header_2_font_size_tablet=&#8220;30px&#8220; header_2_font_size_phone=&#8220;28px&#8220; header_2_font_size_last_edited=&#8220;on|desktop&#8220; global_colors_info=&#8220;{}&#8220;]<\/p>\n<p data-start=\"88\" data-end=\"260\">Lesen Sie den Rechtstext sorgf\u00e4ltig durch.<\/p>\n<p>[\/et_pb_text][et_pb_button button_url=&#8220;#Rechtlich&#8220; button_text=&#8220;Lesen Sie die rechtlichen Hinweise.&#8220; _builder_version=&#8220;4.27.6&#8243; _module_preset=&#8220;default&#8220; custom_button=&#8220;on&#8220; button_text_size=&#8220;14px&#8220; button_text_color=&#8220;#FFFFFF&#8220; button_bg_color=&#8220;#1C1D1D&#8220; button_border_width=&#8220;0px&#8220; button_border_color=&#8220;#FFFFFF&#8220; button_border_radius=&#8220;30px&#8220; button_font=&#8220;Manrope|600|||||||&#8220; button_use_icon=&#8220;off&#8220; custom_margin=&#8220;20px||30px||false|false&#8220; custom_padding=&#8220;13px|35px|13px|35px|false|false&#8220; hover_enabled=&#8220;0&#8243; global_colors_info=&#8220;{}&#8220; button_text_color__hover=&#8220;#1C1D1D&#8220; button_text_color__hover_enabled=&#8220;on|hover&#8220; button_bg_color__hover=&#8220;#E5E4E2&#8243; button_bg_color__hover_enabled=&#8220;on|hover&#8220; button_border_color__hover=&#8220;#0e5075&#8243; button_border_color__hover_enabled=&#8220;on|hover&#8220; button_letter_spacing__hover=&#8220;0px&#8220; button_letter_spacing__hover_enabled=&#8220;on|hover&#8220; sticky_enabled=&#8220;0&#8243;][\/et_pb_button][\/et_pb_column][\/et_pb_row][\/et_pb_section][et_pb_section fb_built=&#8220;1&#8243; module_id=&#8220;Rechtlich&#8220; _builder_version=&#8220;4.27.6&#8243; _module_preset=&#8220;default&#8220; background_color=&#8220;#f5f5f7&#8243; custom_padding=&#8220;80px||30px||false|false&#8220; animation_style=&#8220;fade&#8220; hover_enabled=&#8220;0&#8243; locked=&#8220;off&#8220; global_colors_info=&#8220;{}&#8220; sticky_enabled=&#8220;0&#8243;][et_pb_row _builder_version=&#8220;4.27.6&#8243; _module_preset=&#8220;default&#8220; width=&#8220;87%&#8220; max_width=&#8220;87%&#8220; custom_margin=&#8220;||||false|false&#8220; custom_padding=&#8220;||||false|false&#8220; animation_style=&#8220;slide&#8220; animation_direction=&#8220;bottom&#8220; animation_intensity_slide=&#8220;10%&#8220; animation_speed_curve=&#8220;ease&#8220; global_colors_info=&#8220;{}&#8220; custom_css_main_element_last_edited=&#8220;on|phone&#8220; custom_css_main_element_tablet=&#8220;display: inherit;||align-items: inherit;&#8220; custom_css_main_element_phone=&#8220;display: inherit;||align-items: inherit;&#8220;][et_pb_column type=&#8220;4_4&#8243; _builder_version=&#8220;4.20.4&#8243; _module_preset=&#8220;default&#8220; custom_padding=&#8220;0px||0px||false|false&#8220; global_colors_info=&#8220;{}&#8220;][et_pb_text _builder_version=&#8220;4.27.6&#8243; _module_preset=&#8220;default&#8220; text_font=&#8220;Manrope||||||||&#8220; text_text_color=&#8220;#6E6E73&#8243; text_font_size=&#8220;16px&#8220; text_letter_spacing=&#8220;-0.5px&#8220; text_line_height=&#8220;1.3em&#8220; header_2_font=&#8220;Manrope|700|||||||&#8220; header_2_text_color=&#8220;#1C1D1D&#8220; header_2_font_size=&#8220;32px&#8220; header_2_line_height=&#8220;1.2em&#8220; module_alignment=&#8220;left&#8220; custom_margin=&#8220;||0px||false|false&#8220; hover_enabled=&#8220;0&#8243; header_font_size_tablet=&#8220;&#8220; header_font_size_phone=&#8220;28px&#8220; header_font_size_last_edited=&#8220;on|phone&#8220; header_2_font_size_tablet=&#8220;30px&#8220; header_2_font_size_phone=&#8220;28px&#8220; header_2_font_size_last_edited=&#8220;on|desktop&#8220; global_colors_info=&#8220;{}&#8220; sticky_enabled=&#8220;0&#8243;]<\/p>\n<h2><strong>1. Definition und Funktionen von Cookies.<\/strong><\/h2>\n<p><\/p>\n<p>Ein Cookie ist eine Datei, die beim Besuch bestimmter Websites auf den Computer des Nutzers heruntergeladen wird. Cookies erm\u00f6glichen es der Website unter anderem, Informationen \u00fcber das Surfverhalten des Nutzers oder seinen Computer zu speichern und abzurufen. Je nach den enthaltenen Informationen und der Art der Computernutzung k\u00f6nnen sie dazu verwendet werden, den Nutzer wiederzuerkennen.<\/p>\n<p><\/p>\n<h2><strong>2. Arten von Cookies, die diese Website verwenden kann.<\/strong><\/h2>\n<p><\/p>\n<ul>\n<li><strong>Erstanbieter-Cookies:<\/strong> Hierbei handelt es sich um Cookies, die vom Computer oder der Domain des Eigent\u00fcmers, von der der vom Nutzer angeforderte Dienst bereitgestellt wird, an das Endger\u00e4t des Nutzers gesendet werden.<\/li>\n<li><strong>Funktionale Cookies: D<\/strong>iese Cookies sind f\u00fcr das ordnungsgem\u00e4\u00dfe Funktionieren der Website notwendig.<\/li>\n<li><strong>Cookies von Drittanbietern:<\/strong> Hierbei handelt es sich um Cookies, die vom Computer oder der Domain eines anderen Unternehmens, das die \u00fcber die Cookies gewonnenen Daten verarbeitet, an das Endger\u00e4t des Nutzers gesendet werden.<\/li>\n<li><strong>Analyse-Cookies:<\/strong> Diese Cookies, unabh\u00e4ngig davon, ob sie vom Betreiber oder von Dritten verarbeitet werden, erm\u00f6glichen es uns, die Anzahl der Nutzer zu ermitteln und so statistische Analysen dar\u00fcber durchzuf\u00fchren, wie die Nutzer den angebotenen Dienst nutzen. Dies beinhaltet die Analyse ihres Surfverhaltens, um die angebotenen Produkte oder Dienstleistungen zu verbessern.<\/li>\n<li><strong>Werbe-Cookies: H<\/strong>ierbei handelt es sich um Cookies, die die Verwaltung der Werbefl\u00e4chen erm\u00f6glichen, die der Inhaber auf der Website, Anwendung oder Plattform, von der der angeforderte Dienst bereitgestellt wird, eingebunden hat, und zwar auf der Grundlage von Kriterien wie den bearbeiteten Inhalten oder der H\u00e4ufigkeit, mit der die Anzeigen angezeigt werden.<\/li>\n<\/ul>\n<p><\/p>\n<h2><strong>3. Widerruf und L\u00f6schung von Cookies.<\/strong><\/h2>\n<p><\/p>\n<p>Nutzer k\u00f6nnen die Verwendung von Cookies jederzeit \u00fcber das auf jeder Website verf\u00fcgbare Cookie-Verwaltungstool ausw\u00e4hlen, ablehnen oder konfigurieren.<\/p>\n<p><\/p>\n<p>Nutzer k\u00f6nnen au\u00dferdem die auf ihrem Ger\u00e4t installierten Cookies \u00fcber ihre Browsereinstellungen zulassen, blockieren oder l\u00f6schen. Wenn Cookies im Browser nicht zugelassen sind, sind einige Bereiche der Website m\u00f6glicherweise nicht zug\u00e4nglich. Informationen zur Konfiguration von Cookies in verschiedenen Browsern finden Sie unter den folgenden Links (g\u00fcltig zum Datum dieses Dokuments).<\/p>\n<p><\/p>\n<p>Weitere Informationen zum Blockieren von Cookies in<strong> Chrome<\/strong> finden Sie hier.<br \/><a href=\"http:\/\/support.google.com\/chrome\/bin\/answer.py?hl=es&amp;answer=95647\"><span style=\"font-weight: 400;\">http:\/\/support.google.com\/chrome\/bin\/answer.py?hl=es&amp;answer=95647<\/span><\/a><\/p>\n<p><\/p>\n<p>Weitere Informationen zum Blockieren von Cookies in <strong>Firefox<\/strong> finden Sie hier.<br \/><a href=\"http:\/\/support.mozilla.org\/es\/kb\/habilitar-y-deshabilitar-cookies-que-los-sitios-we\"><span style=\"font-weight: 400;\">http:\/\/support.mozilla.org\/es\/kb\/habilitar-y-deshabilitar-cookies-que-los-sitios-we<\/span><\/a><\/p>\n<p><\/p>\n<p>Weitere Informationen zum Blockieren von Cookies auf <strong>Edge<\/strong> finden Sie hier.<b><br \/><\/b><a href=\"https:\/\/support.microsoft.com\/es-es\/windows\/administrar-cookies-en-microsoft-edge-ver-permitir-bloquear-eliminar-y-usar-168dab11-0753-043d-7c16-ede5947fc64d\"><span style=\"font-weight: 400;\">https:\/\/support.microsoft.com\/es-es\/windows\/administrar-cookies-en-microsoft-edge-ver-permitir-bloquear-eliminar-y-usar-168dab11-0753-043d-7c16-ede5947fc64d<\/span><\/a><span style=\"font-weight: 400;\">\u00a0<\/span><\/p>\n<p><\/p>\n<p>Weitere Informationen zum Blockieren von Cookies in <strong>Safari<\/strong> finden Sie hier.<b><br \/><\/b><a href=\"http:\/\/support.apple.com\/kb\/ph5042\"><span style=\"font-weight: 400;\">http:\/\/support.apple.com\/kb\/ph5042<\/span><\/a><\/p>\n<p><\/p>\n<p>Der Inhaber ist nicht verantwortlich f\u00fcr den Inhalt und die Richtigkeit der Datenschutzrichtlinien von Drittanbietern, auf die in dieser Cookie-Richtlinie verlinkt wird.<\/p>\n<p><\/p>\n<h2><strong>4. Drittanbieter von Dienstleistungen.<\/strong><\/h2>\n<p><\/p>\n<p>Im Einzelnen handelt es sich bei den Drittanbietern, mit denen wir Dienste verwalten, die die Verwendung von Cookies erfordern, um folgende:<\/p>\n<p><\/p>\n<p>Im Einzelnen handelt es sich bei den Drittanbietern, mit denen wir Dienste verwalten, die die Verwendung von Cookies erfordern, um folgende:<\/p>\n<p><\/p>\n<p><span style=\"font-weight: 400;\">Weitere Informationen zur Verwendung von Cookies auf dieser Website kann der Nutzer \u00fcber das Kontaktformular anfordern oder <\/span><span style=\"font-weight: 400;\"><a href=\"mailto:transfersjames@hotmail.com\">transfersjames@hotmail.com<\/a><\/span><\/p>\n<p><\/p>\n<p>Diese Richtlinie wurde am 22. April 2026 ge\u00e4ndert.<\/p>\n<p><\/p>\n<h2><strong>5. Webanalyse \u2013 Google Analytics<\/strong><\/h2>\n<p><\/p>\n<p>Diese Website verwendet m\u00f6glicherweise Google Analytics, ein Webanalysetool der Google Inc. mit Sitz in 1600 Amphitheatre Parkway, Mountain View, CA 94043, USA (\u201eGoogle\u201c). Mit diesem Tool kann der Websitebetreiber die Nutzung der Website analysieren und verschiedene Berichte einsehen, die das Nutzerverhalten beschreiben und zur Verbesserung der Website beitragen. Google Analytics erfasst Informationen anonym, d. h. es werden Website-Trends analysiert, ohne einzelne Nutzer zu identifizieren.<\/p>\n<p><\/p>\n<p>Google Analytics verwendet Erstanbieter-Cookies, kleine Textdateien, die auf Ihrem Computer gespeichert werden, um Ihre Interaktionen auf der Website zu verfolgen. Diese Cookies speichern Informationen wie den Zeitpunkt Ihres Besuchs, ob Sie die Website bereits besucht haben und von welcher Website Sie weitergeleitet wurden. Browser teilen Erstanbieter-Cookies nicht innerhalb derselben Domain.<\/p>\n<p><\/p>\n<p>Allen mit dem Internet verbundenen Computern und Ger\u00e4ten wird eine eindeutige Nummer zugewiesen, die als Internetprotokolladresse oder IP-Adresse bezeichnet wird. Da diese Nummern \u00fcblicherweise l\u00e4nderspezifisch vergeben werden, dienen IP-Adressen h\u00e4ufig dazu, Land, Bundesland und Stadt zu identifizieren, von wo aus sich der Computer mit dem Internet verbindet. Google Analytics erfasst die IP-Adressen der Website-Besucher, damit der Website-Betreiber wei\u00df, aus welchen Teilen der Welt die Website besucht wird. Dieses Verfahren wird als \u201eIP-Geolokalisierung\u201c bezeichnet. Google Analytics liefert keine Informationen \u00fcber die tats\u00e4chliche IP-Adresse.<\/p>\n<p><\/p>\n<p>Die Nutzungsbedingungen von Google Analytics verbieten die Erfassung und das Tracking personenbezogener Daten (wie Name, E-Mail-Adresse, Zahlungsinformationen und \u00e4hnliche Daten) \u00fcber Google Analytics sowie die Verkn\u00fcpfung personenbezogener Daten mit Webanalysedaten.<\/p>\n<p><\/p>\n<p>Der Website-Betreiber kann \u00fcber die Datenfreigabeoptionen von Google Analytics steuern, welche Informationen Google verwenden darf, und entscheiden, ob Google diese Daten nutzen darf. Diese Daten werden zur Verbesserung der Produkte und Dienstleistungen von Google verwendet.<\/p>\n<p><\/p>\n<p>Um Nutzern mehr Kontrolle \u00fcber die Datenerfassung durch Google Analytics zu geben, wurde das Browser-Add-on zur Deaktivierung von Google Analytics entwickelt. Dieses Add-on weist den Google Analytics JavaScript-Code (ga.js) an, keine Informationen \u00fcber Website-Besuche an Google Analytics zu senden. Es verhindert jedoch nicht, dass Informationen an die Website selbst oder an andere Webanalysedienste \u00fcbermittelt werden. Der Nutzer kann die Verarbeitung von Daten oder Informationen ablehnen, indem er die Verwendung von Cookies in den Browsereinstellungen deaktiviert. Er sollte sich jedoch bewusst sein, dass er in diesem Fall m\u00f6glicherweise nicht alle Funktionen dieser Website nutzen kann.<\/p>\n<p><\/p>\n<p><strong><a href=\"http:\/\/www.google.es\/intl\/es\/policies\/\">Durch die Nutzung dieser Website erkl\u00e4rt sich der Nutzer mit der Verarbeitung seiner Daten durch Google und den Websitebetreiber in der oben beschriebenen Art und Weise und zu den oben genannten Zwecken einverstanden. Weitere Informationen zu diesem Tool und den Datenschutzbestimmungen von Google finden Sie unter folgendem Link: http:\/\/www.google.es\/intl\/es\/policies\/<\/a><\/strong><\/p>\n<p>[\/et_pb_text][\/et_pb_column][\/et_pb_row][\/et_pb_section]<\/p>\n","protected":false},"excerpt":{"rendered":"<p>Cookie-RichtlinieLesen Sie den Rechtstext sorgf\u00e4ltig durch.1. Definition und Funktionen von Cookies.Ein Cookie ist eine Datei, die beim Besuch bestimmter Websites auf den Computer des Nutzers heruntergeladen wird. Cookies erm\u00f6glichen es der Website unter anderem, Informationen \u00fcber das Surfverhalten des Nutzers oder seinen Computer zu speichern und abzurufen. Je nach den enthaltenen Informationen und der Art [&hellip;]<\/p>\n","protected":false},"author":1,"featured_media":0,"parent":0,"menu_order":0,"comment_status":"closed","ping_status":"closed","template":"","meta":{"_et_pb_use_builder":"on","_et_pb_old_content":"","_et_gb_content_width":"","footnotes":""},"class_list":["post-420","page","type-page","status-publish","hentry"],"yoast_head":"<!-- This site is optimized with the Yoast SEO plugin v27.5 - https:\/\/yoast.com\/product\/yoast-seo-wordpress\/ -->\n<title>Cookie-Richtlinie - TransfersJames<\/title>\n<meta name=\"robots\" content=\"index, follow, max-snippet:-1, max-image-preview:large, max-video-preview:-1\" \/>\n<link rel=\"canonical\" href=\"https:\/\/transfersjames.com\/de\/cookie-richtlinie\/\" \/>\n<meta property=\"og:locale\" content=\"de_DE\" \/>\n<meta property=\"og:type\" content=\"article\" \/>\n<meta property=\"og:title\" content=\"Cookie-Richtlinie - TransfersJames\" \/>\n<meta property=\"og:description\" content=\"Cookie-RichtlinieLesen Sie den Rechtstext sorgf\u00e4ltig durch.1. Definition und Funktionen von Cookies.Ein Cookie ist eine Datei, die beim Besuch bestimmter Websites auf den Computer des Nutzers heruntergeladen wird. Cookies erm\u00f6glichen es der Website unter anderem, Informationen \u00fcber das Surfverhalten des Nutzers oder seinen Computer zu speichern und abzurufen. Je nach den enthaltenen Informationen und der Art [&hellip;]\" \/>\n<meta property=\"og:url\" content=\"https:\/\/transfersjames.com\/de\/cookie-richtlinie\/\" \/>\n<meta property=\"og:site_name\" content=\"TransfersJames\" \/>\n<meta property=\"article:modified_time\" content=\"2026-04-28T12:28:00+00:00\" \/>\n<meta name=\"twitter:card\" content=\"summary_large_image\" \/>\n<meta name=\"twitter:label1\" content=\"Gesch\u00e4tzte Lesezeit\" \/>\n\t<meta name=\"twitter:data1\" content=\"8\u00a0Minuten\" \/>\n<script type=\"application\/ld+json\" class=\"yoast-schema-graph\">{\"@context\":\"https:\\\/\\\/schema.org\",\"@graph\":[{\"@type\":\"WebPage\",\"@id\":\"https:\\\/\\\/transfersjames.com\\\/de\\\/cookie-richtlinie\\\/\",\"url\":\"https:\\\/\\\/transfersjames.com\\\/de\\\/cookie-richtlinie\\\/\",\"name\":\"Cookie-Richtlinie - TransfersJames\",\"isPartOf\":{\"@id\":\"https:\\\/\\\/transfersjames.com\\\/de\\\/#website\"},\"datePublished\":\"2026-04-20T09:25:02+00:00\",\"dateModified\":\"2026-04-28T12:28:00+00:00\",\"breadcrumb\":{\"@id\":\"https:\\\/\\\/transfersjames.com\\\/de\\\/cookie-richtlinie\\\/#breadcrumb\"},\"inLanguage\":\"de\",\"potentialAction\":[{\"@type\":\"ReadAction\",\"target\":[\"https:\\\/\\\/transfersjames.com\\\/de\\\/cookie-richtlinie\\\/\"]}]},{\"@type\":\"BreadcrumbList\",\"@id\":\"https:\\\/\\\/transfersjames.com\\\/de\\\/cookie-richtlinie\\\/#breadcrumb\",\"itemListElement\":[{\"@type\":\"ListItem\",\"position\":1,\"name\":\"Portada\",\"item\":\"https:\\\/\\\/transfersjames.com\\\/de\\\/\"},{\"@type\":\"ListItem\",\"position\":2,\"name\":\"Cookie-Richtlinie\"}]},{\"@type\":\"WebSite\",\"@id\":\"https:\\\/\\\/transfersjames.com\\\/de\\\/#website\",\"url\":\"https:\\\/\\\/transfersjames.com\\\/de\\\/\",\"name\":\"TransfersJames\",\"description\":\"Transfers desde el aeropuerto de Mallorca\",\"potentialAction\":[{\"@type\":\"SearchAction\",\"target\":{\"@type\":\"EntryPoint\",\"urlTemplate\":\"https:\\\/\\\/transfersjames.com\\\/de\\\/?s={search_term_string}\"},\"query-input\":{\"@type\":\"PropertyValueSpecification\",\"valueRequired\":true,\"valueName\":\"search_term_string\"}}],\"inLanguage\":\"de\"}]}<\/script>\n<!-- \/ Yoast SEO plugin. -->","yoast_head_json":{"title":"Cookie-Richtlinie - TransfersJames","robots":{"index":"index","follow":"follow","max-snippet":"max-snippet:-1","max-image-preview":"max-image-preview:large","max-video-preview":"max-video-preview:-1"},"canonical":"https:\/\/transfersjames.com\/de\/cookie-richtlinie\/","og_locale":"de_DE","og_type":"article","og_title":"Cookie-Richtlinie - TransfersJames","og_description":"Cookie-RichtlinieLesen Sie den Rechtstext sorgf\u00e4ltig durch.1. Definition und Funktionen von Cookies.Ein Cookie ist eine Datei, die beim Besuch bestimmter Websites auf den Computer des Nutzers heruntergeladen wird. Cookies erm\u00f6glichen es der Website unter anderem, Informationen \u00fcber das Surfverhalten des Nutzers oder seinen Computer zu speichern und abzurufen. Je nach den enthaltenen Informationen und der Art [&hellip;]","og_url":"https:\/\/transfersjames.com\/de\/cookie-richtlinie\/","og_site_name":"TransfersJames","article_modified_time":"2026-04-28T12:28:00+00:00","twitter_card":"summary_large_image","twitter_misc":{"Gesch\u00e4tzte Lesezeit":"8\u00a0Minuten"},"schema":{"@context":"https:\/\/schema.org","@graph":[{"@type":"WebPage","@id":"https:\/\/transfersjames.com\/de\/cookie-richtlinie\/","url":"https:\/\/transfersjames.com\/de\/cookie-richtlinie\/","name":"Cookie-Richtlinie - TransfersJames","isPartOf":{"@id":"https:\/\/transfersjames.com\/de\/#website"},"datePublished":"2026-04-20T09:25:02+00:00","dateModified":"2026-04-28T12:28:00+00:00","breadcrumb":{"@id":"https:\/\/transfersjames.com\/de\/cookie-richtlinie\/#breadcrumb"},"inLanguage":"de","potentialAction":[{"@type":"ReadAction","target":["https:\/\/transfersjames.com\/de\/cookie-richtlinie\/"]}]},{"@type":"BreadcrumbList","@id":"https:\/\/transfersjames.com\/de\/cookie-richtlinie\/#breadcrumb","itemListElement":[{"@type":"ListItem","position":1,"name":"Portada","item":"https:\/\/transfersjames.com\/de\/"},{"@type":"ListItem","position":2,"name":"Cookie-Richtlinie"}]},{"@type":"WebSite","@id":"https:\/\/transfersjames.com\/de\/#website","url":"https:\/\/transfersjames.com\/de\/","name":"TransfersJames","description":"Transfers desde el aeropuerto de Mallorca","potentialAction":[{"@type":"SearchAction","target":{"@type":"EntryPoint","urlTemplate":"https:\/\/transfersjames.com\/de\/?s={search_term_string}"},"query-input":{"@type":"PropertyValueSpecification","valueRequired":true,"valueName":"search_term_string"}}],"inLanguage":"de"}]}},"_links":{"self":[{"href":"https:\/\/transfersjames.com\/de\/wp-json\/wp\/v2\/pages\/420","targetHints":{"allow":["GET"]}}],"collection":[{"href":"https:\/\/transfersjames.com\/de\/wp-json\/wp\/v2\/pages"}],"about":[{"href":"https:\/\/transfersjames.com\/de\/wp-json\/wp\/v2\/types\/page"}],"author":[{"embeddable":true,"href":"https:\/\/transfersjames.com\/de\/wp-json\/wp\/v2\/users\/1"}],"replies":[{"embeddable":true,"href":"https:\/\/transfersjames.com\/de\/wp-json\/wp\/v2\/comments?post=420"}],"version-history":[{"count":2,"href":"https:\/\/transfersjames.com\/de\/wp-json\/wp\/v2\/pages\/420\/revisions"}],"predecessor-version":[{"id":422,"href":"https:\/\/transfersjames.com\/de\/wp-json\/wp\/v2\/pages\/420\/revisions\/422"}],"wp:attachment":[{"href":"https:\/\/transfersjames.com\/de\/wp-json\/wp\/v2\/media?parent=420"}],"curies":[{"name":"wp","href":"https:\/\/api.w.org\/{rel}","templated":true}]}}